{"id":4685,"date":"2021-03-18T17:56:56","date_gmt":"2021-03-18T16:56:56","guid":{"rendered":"https:\/\/www.rkf-honorfarm.com\/?page_id=4685"},"modified":"2021-03-21T19:06:21","modified_gmt":"2021-03-21T18:06:21","slug":"note-legali","status":"publish","type":"page","link":"https:\/\/www.rkf-honorfarm.com\/en\/note-legali\/","title":{"rendered":"Note legali"},"content":{"rendered":"<div data-elementor-type=\"wp-page\" data-elementor-id=\"4685\" class=\"elementor elementor-4685\" data-elementor-post-type=\"page\">\n\t\t\t\t\t\t<section class=\"elementor-section elementor-top-section elementor-element elementor-element-a0a4e55 elementor-section-boxed elementor-section-height-default elementor-section-height-default\" data-id=\"a0a4e55\" data-element_type=\"section\">\n\t\t\t\t\t\t<div class=\"elementor-container elementor-column-gap-default\">\n\t\t\t\t\t<div class=\"elementor-column elementor-col-100 elementor-top-column elementor-element elementor-element-4924724\" data-id=\"4924724\" data-element_type=\"column\">\n\t\t\t<div class=\"elementor-widget-wrap elementor-element-populated\">\n\t\t\t\t\t\t<div class=\"elementor-element elementor-element-fe698c2 elementor-widget elementor-widget-heading\" data-id=\"fe698c2\" data-element_type=\"widget\" data-widget_type=\"heading.default\">\n\t\t\t\t<div class=\"elementor-widget-container\">\n\t\t\t\t\t<h1 class=\"elementor-heading-title elementor-size-default\">Note legali<\/h1>\t\t\t\t<\/div>\n\t\t\t\t<\/div>\n\t\t\t\t<div class=\"elementor-element elementor-element-0f5d0d7 elementor-widget elementor-widget-text-editor\" data-id=\"0f5d0d7\" data-element_type=\"widget\" data-widget_type=\"text-editor.default\">\n\t\t\t\t<div class=\"elementor-widget-container\">\n\t\t\t\t\t\t\t\t\t<p><strong>Definizioni<\/strong><br \/><u>SOCIETA\u2019<\/u>: <strong>ALLAROUND SRLS (PIVA e CF: 09826330962 REA: MI-2115728 con sede Via Santa Croce 4, 20122 Milano (MI).<\/strong><\/p><p><u>SITO<\/u>: il sito https:\/\/www.rkf-honorfarm.com\/ inclusivo dei suoi sotto-siti riconducibili direttamente a SOCIETA\u2019 e\/o facenti capo a domini riferibili alla SOCIETA\u2019.<\/p><p><u>CONTENUTI<\/u>: i contenuti testuali, gli elementi grafici e fotografici, i marchi e loghi, i nomi a dominio, i contenuti sonori, musicali, video, audiovisivi, le funzionalit\u00e0, la documentazione tecnica e i manuali e qualsiasi materiale visualizzabile e accessibile attraverso il SITO.<\/p><p><u>VISITATORE<\/u>: chiunque naviga nel SITO<br \/>L\u2019accesso, la consultazione e l\u2019utilizzo delle pagine del presente SITO comportano l\u2019integrale accettazione da parte del VISITATORE di tutto quanto asserito nel presente documento. La navigazione del Sito \u00e8 da considerarsi complessivamente a titolo gratuito fatti salvi gli eventuali costi di connessione a carico del VISITATORE.<\/p><p><strong>Copyright<\/strong><strong><br \/><\/strong>I CONTENUTI del SITO sono di propriet\u00e0 della SOCIETA\u2019 e sono coperti da copyright.<strong><br \/><\/strong>Al VISITATORE \u00e8 vietato copiare, pubblicare, diffondere, trasmettere o rendere altrimenti disponibili, anche parzialmente e\/o a seguito di modificazioni, qualsiasi contenuto pubblicato nel presente SITO, pena la possibilit\u00e0 di incorrere in sanzioni civili e penali. \u00c8 altres\u00ec vietata la riproduzione della grafica del SITO; gli elementi costitutivi del SITO sono tutelati da accordi commerciali e il loro utilizzo \u00e8 conforme alle leggi sui marchi registrati, sulla concorrenza e altre leggi e non possono essere copiati o imitati.<\/p><p><strong>Esenzione di responsabilit\u00e0<br \/><\/strong>Tutti i contenuti pubblicati sul SITO sono forniti a mero scopo di informazione generale, senza fornire garanzie sulla loro accuratezza e completezza. SOCIETA\u2019 si riserva il diritto di modificare ed aggiornare detti contenuti senza preavviso alcuno e senza poter essere ritenuta responsabile per ogni e qualsiasi danno, diretto o indiretto, ivi compreso il lucro cessante, derivante dall\u2019utilizzo o dall\u2019impossibilit\u00e0 di utilizzo del SITO e dei suoi contenuti, o di siti ad esso collegati direttamente o indirettamente, cos\u00ec come da omissioni o errori.<\/p><p><strong>Marchi<\/strong><\/p><p>I nomi di prodotti e societ\u00e0 citati nel presente SITO possono essere marchi dei rispettivi proprietari, \u00e8 fatto perci\u00f2 espresso divieto all\u2019utilizzo non autorizzato degli stessi.<\/p><p><strong>Legge Applicabile<\/strong><\/p><p>Fatta salva ogni diversa disposizione di legge, tutte le eventuali controversie o liti che dovessero insorgere in merito a qualunque utilizzo del SITO o dei CONTENUTI tra la SOCIETA\u2019 ed il VISITATORE o con i soggetti che hanno collaborato o collaboreranno alla sua pubblicazione o alla stesura o aggiornamento dei CONTENUTI, la giurisdizione accettata \u00e8 quella dello Stato Italiano e, comunque, la legge applicabile \u00e8 quelle italiana in vigore al momento della lite.<\/p>\t\t\t\t\t\t\t\t<\/div>\n\t\t\t\t<\/div>\n\t\t\t\t\t<\/div>\n\t\t<\/div>\n\t\t\t\t\t<\/div>\n\t\t<\/section>\n\t\t\t\t<\/div>","protected":false},"excerpt":{"rendered":"<p>Note legali DefinizioniSOCIETA\u2019: ALLAROUND SRLS (PIVA e CF: 09826330962 REA: MI-2115728 con sede Via Santa Croce 4, 20122 Milano (MI). SITO: il sito https:\/\/www.rkf-honorfarm.com\/ inclusivo dei suoi sotto-siti riconducibili direttamente a SOCIETA\u2019 e\/o facenti capo a domini riferibili alla SOCIETA\u2019. CONTENUTI: i contenuti testuali, gli elementi grafici e fotografici, i marchi e loghi, i nomi [&hellip;]<\/p>","protected":false},"author":2,"featured_media":0,"parent":0,"menu_order":0,"comment_status":"closed","ping_status":"closed","template":"","meta":{"footnotes":""},"class_list":["post-4685","page","type-page","status-publish","hentry"],"yoast_head":"<!-- This site is optimized with the Yoast SEO plugin v24.4 - https:\/\/yoast.com\/wordpress\/plugins\/seo\/ -->\n<title>Note legali - RKF - Honorfarm<\/title>\n<meta name=\"robots\" content=\"index, follow, max-snippet:-1, max-image-preview:large, max-video-preview:-1\" \/>\n<link rel=\"canonical\" href=\"https:\/\/www.rkf-honorfarm.com\/en\/note-legali\/\" \/>\n<meta property=\"og:locale\" content=\"en_US\" \/>\n<meta property=\"og:type\" content=\"article\" \/>\n<meta property=\"og:title\" content=\"Note legali - RKF - Honorfarm\" \/>\n<meta property=\"og:description\" content=\"Note legali DefinizioniSOCIETA\u2019: ALLAROUND SRLS (PIVA e CF: 09826330962 REA: MI-2115728 con sede Via Santa Croce 4, 20122 Milano (MI). SITO: il sito https:\/\/www.rkf-honorfarm.com\/ inclusivo dei suoi sotto-siti riconducibili direttamente a SOCIETA\u2019 e\/o facenti capo a domini riferibili alla SOCIETA\u2019. CONTENUTI: i contenuti testuali, gli elementi grafici e fotografici, i marchi e loghi, i nomi [&hellip;]\" \/>\n<meta property=\"og:url\" content=\"https:\/\/www.rkf-honorfarm.com\/en\/note-legali\/\" \/>\n<meta property=\"og:site_name\" content=\"RKF - Honorfarm\" \/>\n<meta property=\"article:modified_time\" content=\"2021-03-21T18:06:21+00:00\" \/>\n<meta name=\"twitter:card\" content=\"summary_large_image\" \/>\n<meta name=\"twitter:label1\" content=\"Est. reading time\" \/>\n\t<meta name=\"twitter:data1\" content=\"2 minutes\" \/>\n<script type=\"application\/ld+json\" class=\"yoast-schema-graph\">{\"@context\":\"https:\/\/schema.org\",\"@graph\":[{\"@type\":\"WebPage\",\"@id\":\"https:\/\/www.rkf-honorfarm.com\/note-legali\/\",\"url\":\"https:\/\/www.rkf-honorfarm.com\/note-legali\/\",\"name\":\"Note legali - RKF - Honorfarm\",\"isPartOf\":{\"@id\":\"https:\/\/www.rkf-honorfarm.com\/#website\"},\"datePublished\":\"2021-03-18T16:56:56+00:00\",\"dateModified\":\"2021-03-21T18:06:21+00:00\",\"breadcrumb\":{\"@id\":\"https:\/\/www.rkf-honorfarm.com\/note-legali\/#breadcrumb\"},\"inLanguage\":\"en-US\",\"potentialAction\":[{\"@type\":\"ReadAction\",\"target\":[\"https:\/\/www.rkf-honorfarm.com\/note-legali\/\"]}]},{\"@type\":\"BreadcrumbList\",\"@id\":\"https:\/\/www.rkf-honorfarm.com\/note-legali\/#breadcrumb\",\"itemListElement\":[{\"@type\":\"ListItem\",\"position\":1,\"name\":\"Home\",\"item\":\"https:\/\/www.rkf-honorfarm.com\/\"},{\"@type\":\"ListItem\",\"position\":2,\"name\":\"Note legali\"}]},{\"@type\":\"WebSite\",\"@id\":\"https:\/\/www.rkf-honorfarm.com\/#website\",\"url\":\"https:\/\/www.rkf-honorfarm.com\/\",\"name\":\"RKF - Honorfarm\",\"description\":\"Arte Sacra contemporanea. Pezzi unici realizzati a mano\",\"publisher\":{\"@id\":\"https:\/\/www.rkf-honorfarm.com\/#organization\"},\"potentialAction\":[{\"@type\":\"SearchAction\",\"target\":{\"@type\":\"EntryPoint\",\"urlTemplate\":\"https:\/\/www.rkf-honorfarm.com\/?s={search_term_string}\"},\"query-input\":{\"@type\":\"PropertyValueSpecification\",\"valueRequired\":true,\"valueName\":\"search_term_string\"}}],\"inLanguage\":\"en-US\"},{\"@type\":\"Organization\",\"@id\":\"https:\/\/www.rkf-honorfarm.com\/#organization\",\"name\":\"RKF Honorfarm\",\"url\":\"https:\/\/www.rkf-honorfarm.com\/\",\"logo\":{\"@type\":\"ImageObject\",\"inLanguage\":\"en-US\",\"@id\":\"https:\/\/www.rkf-honorfarm.com\/#\/schema\/logo\/image\/\",\"url\":\"https:\/\/www.rkf-honorfarm.com\/wp-content\/uploads\/2020\/07\/LOGO_RKF.png\",\"contentUrl\":\"https:\/\/www.rkf-honorfarm.com\/wp-content\/uploads\/2020\/07\/LOGO_RKF.png\",\"width\":591,\"height\":591,\"caption\":\"RKF Honorfarm\"},\"image\":{\"@id\":\"https:\/\/www.rkf-honorfarm.com\/#\/schema\/logo\/image\/\"}}]}<\/script>\n<!-- \/ Yoast SEO plugin. -->","yoast_head_json":{"title":"Note legali - RKF - Honorfarm","robots":{"index":"index","follow":"follow","max-snippet":"max-snippet:-1","max-image-preview":"max-image-preview:large","max-video-preview":"max-video-preview:-1"},"canonical":"https:\/\/www.rkf-honorfarm.com\/en\/note-legali\/","og_locale":"en_US","og_type":"article","og_title":"Note legali - RKF - Honorfarm","og_description":"Note legali DefinizioniSOCIETA\u2019: ALLAROUND SRLS (PIVA e CF: 09826330962 REA: MI-2115728 con sede Via Santa Croce 4, 20122 Milano (MI). SITO: il sito https:\/\/www.rkf-honorfarm.com\/ inclusivo dei suoi sotto-siti riconducibili direttamente a SOCIETA\u2019 e\/o facenti capo a domini riferibili alla SOCIETA\u2019. CONTENUTI: i contenuti testuali, gli elementi grafici e fotografici, i marchi e loghi, i nomi [&hellip;]","og_url":"https:\/\/www.rkf-honorfarm.com\/en\/note-legali\/","og_site_name":"RKF - Honorfarm","article_modified_time":"2021-03-21T18:06:21+00:00","twitter_card":"summary_large_image","twitter_misc":{"Est. reading time":"2 minutes"},"schema":{"@context":"https:\/\/schema.org","@graph":[{"@type":"WebPage","@id":"https:\/\/www.rkf-honorfarm.com\/note-legali\/","url":"https:\/\/www.rkf-honorfarm.com\/note-legali\/","name":"Note legali - RKF - Honorfarm","isPartOf":{"@id":"https:\/\/www.rkf-honorfarm.com\/#website"},"datePublished":"2021-03-18T16:56:56+00:00","dateModified":"2021-03-21T18:06:21+00:00","breadcrumb":{"@id":"https:\/\/www.rkf-honorfarm.com\/note-legali\/#breadcrumb"},"inLanguage":"en-US","potentialAction":[{"@type":"ReadAction","target":["https:\/\/www.rkf-honorfarm.com\/note-legali\/"]}]},{"@type":"BreadcrumbList","@id":"https:\/\/www.rkf-honorfarm.com\/note-legali\/#breadcrumb","itemListElement":[{"@type":"ListItem","position":1,"name":"Home","item":"https:\/\/www.rkf-honorfarm.com\/"},{"@type":"ListItem","position":2,"name":"Note legali"}]},{"@type":"WebSite","@id":"https:\/\/www.rkf-honorfarm.com\/#website","url":"https:\/\/www.rkf-honorfarm.com\/","name":"RKF - Honorfarm","description":"Arte Sacra contemporanea. Pezzi unici realizzati a mano","publisher":{"@id":"https:\/\/www.rkf-honorfarm.com\/#organization"},"potentialAction":[{"@type":"SearchAction","target":{"@type":"EntryPoint","urlTemplate":"https:\/\/www.rkf-honorfarm.com\/?s={search_term_string}"},"query-input":{"@type":"PropertyValueSpecification","valueRequired":true,"valueName":"search_term_string"}}],"inLanguage":"en-US"},{"@type":"Organization","@id":"https:\/\/www.rkf-honorfarm.com\/#organization","name":"RKF Honorfarm","url":"https:\/\/www.rkf-honorfarm.com\/","logo":{"@type":"ImageObject","inLanguage":"en-US","@id":"https:\/\/www.rkf-honorfarm.com\/#\/schema\/logo\/image\/","url":"https:\/\/www.rkf-honorfarm.com\/wp-content\/uploads\/2020\/07\/LOGO_RKF.png","contentUrl":"https:\/\/www.rkf-honorfarm.com\/wp-content\/uploads\/2020\/07\/LOGO_RKF.png","width":591,"height":591,"caption":"RKF Honorfarm"},"image":{"@id":"https:\/\/www.rkf-honorfarm.com\/#\/schema\/logo\/image\/"}}]}},"_links":{"self":[{"href":"https:\/\/www.rkf-honorfarm.com\/en\/wp-json\/wp\/v2\/pages\/4685","targetHints":{"allow":["GET"]}}],"collection":[{"href":"https:\/\/www.rkf-honorfarm.com\/en\/wp-json\/wp\/v2\/pages"}],"about":[{"href":"https:\/\/www.rkf-honorfarm.com\/en\/wp-json\/wp\/v2\/types\/page"}],"author":[{"embeddable":true,"href":"https:\/\/www.rkf-honorfarm.com\/en\/wp-json\/wp\/v2\/users\/2"}],"replies":[{"embeddable":true,"href":"https:\/\/www.rkf-honorfarm.com\/en\/wp-json\/wp\/v2\/comments?post=4685"}],"version-history":[{"count":6,"href":"https:\/\/www.rkf-honorfarm.com\/en\/wp-json\/wp\/v2\/pages\/4685\/revisions"}],"predecessor-version":[{"id":4739,"href":"https:\/\/www.rkf-honorfarm.com\/en\/wp-json\/wp\/v2\/pages\/4685\/revisions\/4739"}],"wp:attachment":[{"href":"https:\/\/www.rkf-honorfarm.com\/en\/wp-json\/wp\/v2\/media?parent=4685"}],"curies":[{"name":"wp","href":"https:\/\/api.w.org\/{rel}","templated":true}]}}